{"id":36,"date":"2024-05-03T00:38:50","date_gmt":"2024-05-02T22:38:50","guid":{"rendered":"https:\/\/www.tinastrohmaier.com\/?page_id=36"},"modified":"2026-01-18T15:42:43","modified_gmt":"2026-01-18T14:42:43","slug":"kontakt","status":"publish","type":"page","link":"https:\/\/www.tinastrohmaier.com\/?page_id=36","title":{"rendered":"KONTAKT"},"content":{"rendered":"\n<p>TINA STROHMAIER Ba. Ed. (240 ECTS) Mst.in, 6800 Feldkirch\/AT<\/p>\n\n\n\n<p class=\"has-theme-3-color has-text-color has-link-color has-medium-font-size wp-elements-9f12358b6f25e4922bb39153b8e86e1b\">Geboren 1993 in Bregenz (Vorarlberg\/AT), aufgewachsen in Andelsbuch im Bregenzerwald, lebt sie heute in Feldkirch, von wo aus sie hauptberuflich als freischaffende K\u00fcnstlerin\/Schriftstellerin\/Tanzp\u00e4dagogin arbeitet. Daneben arbeitet sie als Sendungsgestalterin beim Freien Radio Proton. Dort ist sie insbesondere f\u00fcr das Sendefenster \u201eLiteratur\u201c zust\u00e4ndig (<a href=\"https:\/\/cba.media\/?s=Literatina&amp;x=0&amp;y=0\">Hier zu den CBA-Beitr\u00e4gen \u201eLiteratina\u201c<\/a>). Bereits im fr\u00fchen Kindesalter trug Tina auswendig Gedichte vor. Sie stand auf zahlreichen B\u00fchnen und nahm an Mini Playback Shows teil. Auf ihrem ersten Bildungsweg absolvierte sie eine Friseurinlehre mit Meisterinpr\u00fcfung und holte die Abendmatura nach. Kurze Zeit unterrichtete sie an der Berufsschule. Sp\u00e4ter entschied sie sich, das allgemeine Lehramt mit den F\u00e4chern Deutsch\/Germanistik und Berufsorientierung\/Lebenskunde an der Universit\u00e4t Innsbruck zu studieren. Bald bemerkte Tina Strohmaier jedoch, dass ihre wahre Freude im kunstvollen, expressiven Schaffen liegt und entschied sich 2024 deshalb gegen den Lehrer:innendienst und f\u00fcr die Arbeit im disziplin\u00e4ren und interdisziplin\u00e4ren Kunstbereich.<\/p>\n\n\n\n<p class=\"has-theme-3-color has-text-color has-link-color has-medium-font-size wp-elements-0711cb184559d1d58280fb055d4879eb\">Tina Strohmaier ist begnadete Linksh\u00e4nderin, Out-of-the-box-Denkerin und eine besonders Interessierte. Heute steht sie auf B\u00fchnen Vorarlbergs und dar\u00fcber hinaus, ob als Poetry Slammerin oder Moderatorin. Sie engagiert sich als Botschafterin f\u00fcr die Aufkl\u00e4rung \u00fcber psychische Erkrankungen.<\/p>\n\n\n\n<p class=\"has-theme-3-color has-text-color has-link-color has-medium-font-size wp-elements-6d0a7338f2102850ff6cd3331f677c89\"><\/p>\n\n\n\n<blockquote class=\"wp-block-quote is-layout-flow wp-block-quote-is-layout-flow\">\n<p class=\"has-theme-5-color has-theme-1-background-color has-text-color has-background has-link-color has-small-font-size wp-elements-f33725676ac367c712f667b4824c0b39\">Als K\u00fcnstlerin bin ich sehr bem\u00fcht, etwas Wertvolles zu (er)schaffen, das gesellschaftliches Zusammenleben bereichert, und als besonderer Mehrwert inspiriert.<\/p>\n\n\n\n<p class=\"has-theme-5-color has-theme-1-background-color has-text-color has-background has-link-color has-small-font-size wp-elements-611fcfdbba1725b47264b1dd50fdc18d\">Ich danke allen, die sich um ein friedliches Miteinander bem\u00fchen, Gleichstellung zwischen den Geschlechtern erm\u00f6glichen, kulturelle Vielfalt leben. Jenen, die in eigenst\u00e4ndigem Denken handeln und kulturelle Leistungen honorieren.<\/p>\n<\/blockquote>\n\n\n\n<p class=\"has-large-font-size\">Anfragen &amp; Auftr\u00e4ge<\/p>\n\n\n\n<p>Trete in Verbindung mit der K\u00fcnstlerin und buche sie!<\/p>\n\n\n\n<p class=\"has-theme-4-color has-text-color has-link-color has-small-font-size wp-elements-8f7aaaccb5262d45737a977993b9fb76\">Die Honorarempfehlungen findest du hier. <a href=\"https:\/\/www.a-d-s.ch\/uploads\/media\/default\/558\/AdS_Honorarbroschu%CC%88re_2025_Deutsch_PDF-RGB_96.pdf\">Klicke, um zu den A*dS zu gelangen.<\/a> <a href=\"https:\/\/igautorinnenautoren.at\/service\/wissen\/mindesthonorare\">Hier gelangst du zu den IG Autorinnen und Autoren.<\/a><\/p>\n\n\n\n<p class=\"has-theme-5-color has-text-color has-link-color has-medium-font-size wp-elements-716753b5bff8c9c9bd963565a2195afc\">Buchverkauf, Schreib- &amp; Performanceworkshops, Literarische Veranstaltung: Konzept &amp; Kuratierung \/ Orga \/ Literarische Moderation, Literarischer &amp; Performance-Beitrag\/B\u00fchne, Buch \/ Auftragstext mit Lesung, Korrektorat &amp; Lektorat Kurz- &amp; Langtext, Tanz &amp; Impro<\/p>\n\n\n\n<p class=\"has-theme-5-color has-text-color has-link-color has-small-font-size wp-elements-3ceceb51acbca446c2a8e92771fe0471\"><em>Einzelstunde oder Reihe, Einzelperson(en) und Gruppe<\/em><\/p>\n\n\n\n<p class=\"has-theme-5-color has-text-color has-link-color has-small-font-size wp-elements-1c02ddd40f977125a7d4a369c90d26f6\"><em>Deutsch (Standard &amp; Leichte Sprache nach Regelwerk), Mundarten im Alemannischen Dialekt, Englisch<\/em><\/p>\n\n\n\n<div class=\"wp-block-contact-form-7-contact-form-selector\">\n<div class=\"wpcf7 no-js\" id=\"wpcf7-f512-o1\" lang=\"de-DE\" dir=\"ltr\" data-wpcf7-id=\"512\">\n<div class=\"screen-reader-response\"><p role=\"status\" aria-live=\"polite\" aria-atomic=\"true\"><\/p> <ul><\/ul><\/div>\n<form action=\"\/index.php?rest_route=%2Fwp%2Fv2%2Fpages%2F36#wpcf7-f512-o1\" method=\"post\" class=\"wpcf7-form init\" aria-label=\"Kontaktformular\" novalidate=\"novalidate\" data-status=\"init\">\n<div style=\"display: none;\">\n<input type=\"hidden\" name=\"_wpcf7\" value=\"512\" \/>\n<input type=\"hidden\" name=\"_wpcf7_version\" value=\"6.0.6\" \/>\n<input type=\"hidden\" name=\"_wpcf7_locale\" value=\"de_DE\" \/>\n<input type=\"hidden\" name=\"_wpcf7_unit_tag\" value=\"wpcf7-f512-o1\" \/>\n<input type=\"hidden\" name=\"_wpcf7_container_post\" value=\"0\" \/>\n<input type=\"hidden\" name=\"_wpcf7_posted_data_hash\" value=\"\" \/>\n<\/div>\n<p><label> Dein Name<br \/>\n<span class=\"wpcf7-form-control-wrap\" data-name=\"your-name\"><input size=\"40\" maxlength=\"400\" class=\"wpcf7-form-control wpcf7-text wpcf7-validates-as-required\" autocomplete=\"name\" aria-required=\"true\" aria-invalid=\"false\" value=\"\" type=\"text\" name=\"your-name\" \/><\/span> <\/label>\n<\/p>\n<p><label> Deine E-Mail-Adresse<br \/>\n<span class=\"wpcf7-form-control-wrap\" data-name=\"your-email\"><input size=\"40\" maxlength=\"400\" class=\"wpcf7-form-control wpcf7-email wpcf7-validates-as-required wpcf7-text wpcf7-validates-as-email\" autocomplete=\"email\" aria-required=\"true\" aria-invalid=\"false\" value=\"\" type=\"email\" name=\"your-email\" \/><\/span> <\/label>\n<\/p>\n<p><label> Betreff<br \/>\n<span class=\"wpcf7-form-control-wrap\" data-name=\"your-subject\"><input size=\"40\" maxlength=\"400\" class=\"wpcf7-form-control wpcf7-text wpcf7-validates-as-required\" aria-required=\"true\" aria-invalid=\"false\" value=\"\" type=\"text\" name=\"your-subject\" \/><\/span> <\/label>\n<\/p>\n<p><label> Deine Nachricht (optional)<br \/>\n<span class=\"wpcf7-form-control-wrap\" data-name=\"your-message\"><textarea cols=\"40\" rows=\"10\" maxlength=\"2000\" class=\"wpcf7-form-control wpcf7-textarea\" aria-invalid=\"false\" name=\"your-message\"><\/textarea><\/span> <\/label>\n<\/p>\n<p><input class=\"wpcf7-form-control wpcf7-submit has-spinner\" type=\"submit\" value=\"Senden\" \/>\n<\/p><div class=\"wpcf7-response-output\" aria-hidden=\"true\"><\/div>\n<\/form>\n<\/div>\n<\/div>\n\n\n\n<p class=\"has-theme-4-color has-text-color has-link-color has-large-font-size wp-elements-3571b346eafb0c2eccb3456dbee25919\">Du willst die K\u00fcnstlerin unterst\u00fctzen?<\/p>\n\n\n\n<p class=\"has-theme-5-color has-text-color has-link-color has-small-font-size wp-elements-7dfbfb888c058536845076f120952ed9\">Dir gef\u00e4llt das Angebot &amp; Programm von Tina Strohmaier und m\u00f6chtest sie unterst\u00fctzen? Dann buche sie! Du m\u00f6chtest sie unabh\u00e4ngig einer Buchung oder eines Buchkaufs unterst\u00fctzen? Ihre k\u00fcnstlerische Arbeit kann mittels Betrag gef\u00f6rdert werden. Schicke dazu eine Kontaktanfrage \u00fcber das Kontaktformular und verwende den Betreff \u201eUnterst\u00fctzung\u201c. Anschlie\u00dfend erh\u00e4ltst du eine E-Mail mit den weiteren Schritten zur Abwicklung. Informiere dich, inwiefern du deine Spende steuerlich absetzen kannst. Die K\u00fcnstlerin ist sehr bem\u00fcht, daraus etwas Wertvolles f\u00fcr die Gesellschaft zu erschaffen. Durch eine Spende wird ein unabh\u00e4ngiges und freies k\u00fcnstlerisches Schaffen erm\u00f6glicht, das frei von kommerziellem Druck und von verpflichtenden Vorgaben geschehen kann. <br>Herzlichen Dank!<\/p>\n\n\n\n<p class=\"has-large-font-size\">Netzwerk &amp; Links<\/p>\n\n\n\n<p>Junge Szene 2<\/p>\n\n\n\n<p>Inoffizielles Mitglieder Literatur Vorarlberg, 2021<\/p>\n\n\n\n<p>Mitglied der Vorarlberger Mundartgruppe, 2021 ff<\/p>\n\n\n\n<p>Mitglied des Vereins L\u00e4ndleSlam Vorarlberg ff: <a href=\"http:\/\/www.laendleslam.at\">Gelange hier zur Webseite von L\u00e4ndleSlam. <\/a><\/p>\n\n\n\n<p>Offizielles Mitglied Literatur Vorarlberg, 2023 ff: <a href=\"http:\/\/literatur-vorarlberg.at\">Gelange hier zur Webseite der Literatur Vorarlberg<\/a>. <\/p>\n\n\n\n<p>Aufnahme F\u00f6rderplattform Double-Check Vorarlberg: <a href=\"https:\/\/double-check.at\/ressourcen\/kunstaktive-netzwerk\/literatur#artists\">Hier gelangst du zur Double-Check Webseite.<\/a> Als auftraggebende Instanz kannst du bei dieser Stelle f\u00fcr einen Kostenausgleich ansuchen, wenn du eine k\u00fcnstlerische Leistung bei mir buchst.<\/p>\n\n\n\n<p>Vize-Obfrau des Vereins L\u00e4ndleSlam Vorarlberg, Herbst 2023-Fr\u00fchling 2025<\/p>\n\n\n\n<p>Mitglied Grazer Autorinnenvereinigung, 2023 ff: Gelange h<a href=\"http:\/\/www.gav.at\">ier zur Webseite der Grazer Autorinnen Autorenversammlung (GAV)<\/a>.<\/p>\n\n\n\n<p>Mitglied Literar Mechana Wien, Sep 2025 ff: <a href=\"https:\/\/literar.at\/\">Gelange hier zur Webseite von Literar Mechana<\/a>.<\/p>\n\n\n\n<p><\/p>\n\n\n\n<p>Weitere wertvolle Links: <a href=\"https:\/\/radioproton.at\/\">Freies Radio Proton Vorarlberg<\/a>, <a href=\"https:\/\/cba.media\/\">Freie Radios Archiv<\/a>, <a href=\"https:\/\/www.netzwerk-leichte-sprache.de\/ls\/\">Netzwerk Leichte Sprache<\/a><\/p>\n","protected":false},"excerpt":{"rendered":"<p>TINA STROHMAIER Ba. Ed. (240 ECTS) Mst.in, 6800 Feldkirch\/AT Geboren 1993 in Bregenz (Vorarlberg\/AT), aufgewachsen in Andelsbuch im Bregenzerwald, lebt sie heute in Feldkirch, von wo aus sie hauptberuflich als freischaffende K\u00fcnstlerin\/Schriftstellerin\/Tanzp\u00e4dagogin arbeitet. Daneben arbeitet sie als Sendungsgestalterin beim Freien Radio Proton. Dort ist sie insbesondere f\u00fcr das Sendefenster \u201eLiteratur\u201c zust\u00e4ndig (Hier zu den CBA-Beitr\u00e4gen [&hellip;]<\/p>\n","protected":false},"author":1,"featured_media":0,"parent":0,"menu_order":0,"comment_status":"closed","ping_status":"closed","template":"","meta":{"footnotes":""},"class_list":["post-36","page","type-page","status-publish","hentry"],"yoast_head":"<!-- This site is optimized with the Yoast SEO plugin v27.4 - https:\/\/yoast.com\/product\/yoast-seo-wordpress\/ -->\n<title>KONTAKT - LITERATINA<\/title>\n<meta name=\"robots\" content=\"index, follow, max-snippet:-1, max-image-preview:large, max-video-preview:-1\" \/>\n<link rel=\"canonical\" href=\"https:\/\/www.tinastrohmaier.com\/?page_id=36\" \/>\n<meta property=\"og:locale\" content=\"de_DE\" \/>\n<meta property=\"og:type\" content=\"article\" \/>\n<meta property=\"og:title\" content=\"KONTAKT - LITERATINA\" \/>\n<meta property=\"og:description\" content=\"TINA STROHMAIER Ba. Ed. (240 ECTS) Mst.in, 6800 Feldkirch\/AT Geboren 1993 in Bregenz (Vorarlberg\/AT), aufgewachsen in Andelsbuch im Bregenzerwald, lebt sie heute in Feldkirch, von wo aus sie hauptberuflich als freischaffende K\u00fcnstlerin\/Schriftstellerin\/Tanzp\u00e4dagogin arbeitet. Daneben arbeitet sie als Sendungsgestalterin beim Freien Radio Proton. Dort ist sie insbesondere f\u00fcr das Sendefenster \u201eLiteratur\u201c zust\u00e4ndig (Hier zu den CBA-Beitr\u00e4gen [&hellip;]\" \/>\n<meta property=\"og:url\" content=\"https:\/\/www.tinastrohmaier.com\/?page_id=36\" \/>\n<meta property=\"og:site_name\" content=\"LITERATINA\" \/>\n<meta property=\"article:modified_time\" content=\"2026-01-18T14:42:43+00:00\" \/>\n<meta name=\"twitter:card\" content=\"summary_large_image\" \/>\n<meta name=\"twitter:label1\" content=\"Gesch\u00e4tzte Lesezeit\" \/>\n\t<meta name=\"twitter:data1\" content=\"3\u00a0Minuten\" \/>\n<script type=\"application\/ld+json\" class=\"yoast-schema-graph\">{\"@context\":\"https:\\\/\\\/schema.org\",\"@graph\":[{\"@type\":\"WebPage\",\"@id\":\"https:\\\/\\\/www.tinastrohmaier.com\\\/?page_id=36\",\"url\":\"https:\\\/\\\/www.tinastrohmaier.com\\\/?page_id=36\",\"name\":\"KONTAKT - LITERATINA\",\"isPartOf\":{\"@id\":\"https:\\\/\\\/www.tinastrohmaier.com\\\/#website\"},\"datePublished\":\"2024-05-02T22:38:50+00:00\",\"dateModified\":\"2026-01-18T14:42:43+00:00\",\"breadcrumb\":{\"@id\":\"https:\\\/\\\/www.tinastrohmaier.com\\\/?page_id=36#breadcrumb\"},\"inLanguage\":\"de\",\"potentialAction\":[{\"@type\":\"ReadAction\",\"target\":[\"https:\\\/\\\/www.tinastrohmaier.com\\\/?page_id=36\"]}]},{\"@type\":\"BreadcrumbList\",\"@id\":\"https:\\\/\\\/www.tinastrohmaier.com\\\/?page_id=36#breadcrumb\",\"itemListElement\":[{\"@type\":\"ListItem\",\"position\":1,\"name\":\"Startseite\",\"item\":\"https:\\\/\\\/www.tinastrohmaier.com\\\/\"},{\"@type\":\"ListItem\",\"position\":2,\"name\":\"KONTAKT\"}]},{\"@type\":\"WebSite\",\"@id\":\"https:\\\/\\\/www.tinastrohmaier.com\\\/#website\",\"url\":\"https:\\\/\\\/www.tinastrohmaier.com\\\/\",\"name\":\"Tina Strohmaier\",\"description\":\"\",\"potentialAction\":[{\"@type\":\"SearchAction\",\"target\":{\"@type\":\"EntryPoint\",\"urlTemplate\":\"https:\\\/\\\/www.tinastrohmaier.com\\\/?s={search_term_string}\"},\"query-input\":{\"@type\":\"PropertyValueSpecification\",\"valueRequired\":true,\"valueName\":\"search_term_string\"}}],\"inLanguage\":\"de\"}]}<\/script>\n<!-- \/ Yoast SEO plugin. -->","yoast_head_json":{"title":"KONTAKT - LITERATINA","robots":{"index":"index","follow":"follow","max-snippet":"max-snippet:-1","max-image-preview":"max-image-preview:large","max-video-preview":"max-video-preview:-1"},"canonical":"https:\/\/www.tinastrohmaier.com\/?page_id=36","og_locale":"de_DE","og_type":"article","og_title":"KONTAKT - LITERATINA","og_description":"TINA STROHMAIER Ba. Ed. (240 ECTS) Mst.in, 6800 Feldkirch\/AT Geboren 1993 in Bregenz (Vorarlberg\/AT), aufgewachsen in Andelsbuch im Bregenzerwald, lebt sie heute in Feldkirch, von wo aus sie hauptberuflich als freischaffende K\u00fcnstlerin\/Schriftstellerin\/Tanzp\u00e4dagogin arbeitet. Daneben arbeitet sie als Sendungsgestalterin beim Freien Radio Proton. Dort ist sie insbesondere f\u00fcr das Sendefenster \u201eLiteratur\u201c zust\u00e4ndig (Hier zu den CBA-Beitr\u00e4gen [&hellip;]","og_url":"https:\/\/www.tinastrohmaier.com\/?page_id=36","og_site_name":"LITERATINA","article_modified_time":"2026-01-18T14:42:43+00:00","twitter_card":"summary_large_image","twitter_misc":{"Gesch\u00e4tzte Lesezeit":"3\u00a0Minuten"},"schema":{"@context":"https:\/\/schema.org","@graph":[{"@type":"WebPage","@id":"https:\/\/www.tinastrohmaier.com\/?page_id=36","url":"https:\/\/www.tinastrohmaier.com\/?page_id=36","name":"KONTAKT - LITERATINA","isPartOf":{"@id":"https:\/\/www.tinastrohmaier.com\/#website"},"datePublished":"2024-05-02T22:38:50+00:00","dateModified":"2026-01-18T14:42:43+00:00","breadcrumb":{"@id":"https:\/\/www.tinastrohmaier.com\/?page_id=36#breadcrumb"},"inLanguage":"de","potentialAction":[{"@type":"ReadAction","target":["https:\/\/www.tinastrohmaier.com\/?page_id=36"]}]},{"@type":"BreadcrumbList","@id":"https:\/\/www.tinastrohmaier.com\/?page_id=36#breadcrumb","itemListElement":[{"@type":"ListItem","position":1,"name":"Startseite","item":"https:\/\/www.tinastrohmaier.com\/"},{"@type":"ListItem","position":2,"name":"KONTAKT"}]},{"@type":"WebSite","@id":"https:\/\/www.tinastrohmaier.com\/#website","url":"https:\/\/www.tinastrohmaier.com\/","name":"Tina Strohmaier","description":"","potentialAction":[{"@type":"SearchAction","target":{"@type":"EntryPoint","urlTemplate":"https:\/\/www.tinastrohmaier.com\/?s={search_term_string}"},"query-input":{"@type":"PropertyValueSpecification","valueRequired":true,"valueName":"search_term_string"}}],"inLanguage":"de"}]}},"_links":{"self":[{"href":"https:\/\/www.tinastrohmaier.com\/index.php?rest_route=\/wp\/v2\/pages\/36","targetHints":{"allow":["GET"]}}],"collection":[{"href":"https:\/\/www.tinastrohmaier.com\/index.php?rest_route=\/wp\/v2\/pages"}],"about":[{"href":"https:\/\/www.tinastrohmaier.com\/index.php?rest_route=\/wp\/v2\/types\/page"}],"author":[{"embeddable":true,"href":"https:\/\/www.tinastrohmaier.com\/index.php?rest_route=\/wp\/v2\/users\/1"}],"replies":[{"embeddable":true,"href":"https:\/\/www.tinastrohmaier.com\/index.php?rest_route=%2Fwp%2Fv2%2Fcomments&post=36"}],"version-history":[{"count":154,"href":"https:\/\/www.tinastrohmaier.com\/index.php?rest_route=\/wp\/v2\/pages\/36\/revisions"}],"predecessor-version":[{"id":1267,"href":"https:\/\/www.tinastrohmaier.com\/index.php?rest_route=\/wp\/v2\/pages\/36\/revisions\/1267"}],"wp:attachment":[{"href":"https:\/\/www.tinastrohmaier.com\/index.php?rest_route=%2Fwp%2Fv2%2Fmedia&parent=36"}],"curies":[{"name":"wp","href":"https:\/\/api.w.org\/{rel}","templated":true}]}}